{"id":29,"date":"2019-09-24T19:55:48","date_gmt":"2019-09-24T19:55:48","guid":{"rendered":"http:\/\/transporteslanubia.com\/?page_id=29"},"modified":"2022-12-06T21:02:59","modified_gmt":"2022-12-06T21:02:59","slug":"nosotros","status":"publish","type":"page","link":"https:\/\/transporteslanubia.com\/index.php\/nosotros\/","title":{"rendered":"Nosotros"},"content":{"rendered":"\n<div class=\"alignnormal\"><div id=\"metaslider-id-262\" style=\"width: 100%; margin: 0 auto;\" class=\"ml-slider-3-19-0 metaslider metaslider-flex metaslider-262 ml-slider\">\n    <div id=\"metaslider_container_262\">\n        <div id=\"metaslider_262\">\n            <ul aria-live=\"polite\" class=\"slides\">\n                <li style=\"display: block; width: 100%;\" class=\"slide-263 ms-image\"><img src=\"https:\/\/transporteslanubia.com\/wp-content\/uploads\/2019\/10\/paqueteo.png\" height=\"600\" width=\"1500\" alt=\"\" class=\"slider-262 slide-263\" title=\"paqueteo\" \/><div class=\"caption-wrap\"><div class=\"caption\">Bodegaje de la mercanc\u00eda en nuestros establecimientos<\/div><\/div><\/li>\n                <li style=\"display: none; width: 100%;\" class=\"slide-264 ms-image\"><img src=\"https:\/\/transporteslanubia.com\/wp-content\/uploads\/2019\/10\/img_bg_3.png\" height=\"600\" width=\"1500\" alt=\"\" class=\"slider-262 slide-264\" title=\"img_bg_3\" \/><div class=\"caption-wrap\"><div class=\"caption\">Comunicaci\u00f3n directa con los Clientes<\/div><\/div><\/li>\n                <li style=\"display: none; width: 100%;\" class=\"slide-265 ms-image\"><img src=\"https:\/\/transporteslanubia.com\/wp-content\/uploads\/2019\/10\/img_bg_2.png\" height=\"600\" width=\"1500\" alt=\"\" class=\"slider-262 slide-265\" title=\"img_bg_2\" \/><div class=\"caption-wrap\"><div class=\"caption\">Transporte de carga con entrega directa<\/div><\/div><\/li>\n            <\/ul>\n        <\/div>\n        \n    <\/div>\n<\/div><\/div>\n\n\n\n<p><img decoding=\"async\" loading=\"lazy\" width=\"512\" height=\"512\" class=\"wp-image-222\" style=\"width: 150px;\" src=\"http:\/\/transporteslanubia.com\/wp-content\/uploads\/2019\/10\/logo.png\" alt=\"\" srcset=\"https:\/\/transporteslanubia.com\/wp-content\/uploads\/2019\/10\/logo.png 512w, https:\/\/transporteslanubia.com\/wp-content\/uploads\/2019\/10\/logo-150x150.png 150w, https:\/\/transporteslanubia.com\/wp-content\/uploads\/2019\/10\/logo-300x300.png 300w, https:\/\/transporteslanubia.com\/wp-content\/uploads\/2019\/10\/logo-250x250.png 250w, https:\/\/transporteslanubia.com\/wp-content\/uploads\/2019\/10\/logo-174x174.png 174w\" sizes=\"(max-width: 512px) 100vw, 512px\" \/><\/p>\n\n\n\n<p>Transportes La Nubia LTDA, fue fundada en 1968 en la ciudad de Manizales por el se\u00f1or SAMUEL CARDONA ARIAS, cuyo objeto social es el transporte de carga terrestre; transcurridos casi (30) Treinta a\u00f1os la empresa obtiene la licencia de funcionamiento indefinida seg\u00fan resoluci\u00f3n n\u00famero 000075 de 19 de septiembre de 2001, la cual resuelve: CONCEDER LA HABILITACION A LA EMPRESA \u201cTRANSPORTES LA NUBIA LTDA\u201d, PARA PRESTAR EL SERVICIO PUBLICO DE TRANSPORTE TERRESTRE AUTOMOTOR DE CARGA. <\/p>\n\n\n\n<h3 class=\"wp-block-heading\">MISI\u00d3N <\/h3>\n\n\n\n<p class=\"has-text-align-left\">Prestar el servicio de transporte terrestre de carga de mercanc\u00edas, contribuyendo a la satisfacci\u00f3n de las necesidades de distribuci\u00f3n de la sociedad, como eslab\u00f3n activo de la cadena log\u00edstica de los diferentes productores y comercializadores nacionales e internacionales, apoyados siempre en los principios de oportunidad, eficiencia y seguridad, y, en nuestro talento humano. Impulsando el desarrollo de la econom\u00eda y velando por la preservaci\u00f3n del medio ambiente. <\/p>\n\n\n\n<h3 class=\"wp-block-heading\">VISI\u00d3N<\/h3>\n\n\n\n<p>Ser una empresa l\u00edder en la industria del transporte terrestre de mercanc\u00eda, consolidada econ\u00f3micamente con proyecci\u00f3n y reconocimiento en el mercado, mediante el desarrollo de programas de aseguramiento de la calidad en procura de una estructura que se adecue permanentemente a los est\u00e1ndares de competitividad. <\/p>\n\n\n\n<h3 class=\"wp-block-heading\">PRINCIPIOS INSTITUCIONALES <\/h3>\n\n\n\n<ul><li>OPORTUNIDAD <\/li><\/ul>\n\n\n\n<ul><li>EFICIENCIA <\/li><\/ul>\n\n\n\n<ul><li>SEGURIDAD <\/li><\/ul>\n\n\n\n<iframe loading=\"lazy\" src=\"https:\/\/www.google.com\/maps\/embed?pb=!1m18!1m12!1m3!1d3982.543525137134!2d-76.51228828591057!3d3.4604889521264024!2m3!1f0!2f0!3f0!3m2!1i1024!2i768!4f13.1!3m3!1m2!1s0x8e30a649a732d383%3A0x707197d429423c7c!2sTransportes%20La%20Nubia%20LTDA!5e0!3m2!1ses!2sco!4v1580484051506!5m2!1ses!2sco\" width=\"400\" height=\"300\" frameborder=\"0\" style=\"border:0;\" allowfullscreen=\"\"><\/iframe>\n\n<iframe src=\"https:\/\/www.google.com\/maps\/embed?pb=!1m18!1m12!1m3!1d3974.2158852266693!2d-75.51461558255615!3d5.068726899999997!2m3!1f0!2f0!3f0!3m2!1i1024!2i768!4f13.1!3m3!1m2!1s0x8e476ff106252f09%3A0x880295160fb1bb02!2sCra.%2021%20%2330-03%2C%20Manizales%2C%20Caldas!5e0!3m2!1ses!2sco!4v1670360555636!5m2!1ses!2sco\" width=\"400\" height=\"300\" style=\"border:0;\" allowfullscreen=\"\" loading=\"lazy\" referrerpolicy=\"no-referrer-when-downgrade\"><\/iframe>\n\n\n\n\n\n\n<p><\/p>\n","protected":false},"excerpt":{"rendered":"<p>Transportes La Nubia LTDA, fue fundada en 1968 en la ciudad de Manizales por el se\u00f1or SAMUEL CARDONA ARIAS, cuyo objeto social es el transporte de carga terrestre; transcurridos casi (30) Treinta a\u00f1os la empresa obtiene la licencia de funcionamiento indefinida seg\u00fan resoluci\u00f3n n\u00famero 000075 de 19 de septiembre de 2001, la cual resuelve: CONCEDER <a href=\"https:\/\/transporteslanubia.com\/index.php\/nosotros\/\" rel=\"nofollow\"><span class=\"sr-only\">Leer m\u00e1sNosotros<\/span>[&hellip;]<\/a><\/p>\n","protected":false},"author":1,"featured_media":0,"parent":0,"menu_order":0,"comment_status":"closed","ping_status":"closed","template":"","meta":{"footnotes":""},"_links":{"self":[{"href":"https:\/\/transporteslanubia.com\/index.php\/wp-json\/wp\/v2\/pages\/29"}],"collection":[{"href":"https:\/\/transporteslanubia.com\/index.php\/wp-json\/wp\/v2\/pages"}],"about":[{"href":"https:\/\/transporteslanubia.com\/index.php\/wp-json\/wp\/v2\/types\/page"}],"author":[{"embeddable":true,"href":"https:\/\/transporteslanubia.com\/index.php\/wp-json\/wp\/v2\/users\/1"}],"replies":[{"embeddable":true,"href":"https:\/\/transporteslanubia.com\/index.php\/wp-json\/wp\/v2\/comments?post=29"}],"version-history":[{"count":25,"href":"https:\/\/transporteslanubia.com\/index.php\/wp-json\/wp\/v2\/pages\/29\/revisions"}],"predecessor-version":[{"id":314,"href":"https:\/\/transporteslanubia.com\/index.php\/wp-json\/wp\/v2\/pages\/29\/revisions\/314"}],"wp:attachment":[{"href":"https:\/\/transporteslanubia.com\/index.php\/wp-json\/wp\/v2\/media?parent=29"}],"curies":[{"name":"wp","href":"https:\/\/api.w.org\/{rel}","templated":true}]}}